{"id":7657,"date":"2022-03-03T20:54:06","date_gmt":"2022-03-03T19:54:06","guid":{"rendered":"https:\/\/elsoma.de\/unternehmen\/"},"modified":"2023-06-21T15:51:46","modified_gmt":"2023-06-21T13:51:46","slug":"unternehmen","status":"publish","type":"page","link":"https:\/\/elsoma.de\/en\/unternehmen\/","title":{"rendered":"Company"},"content":{"rendered":"","protected":false},"excerpt":{"rendered":"","protected":false},"author":1,"featured_media":0,"parent":0,"menu_order":0,"comment_status":"closed","ping_status":"closed","template":"","meta":[],"yoast_head":"<!-- This site is optimized with the Yoast SEO plugin v20.7 - https:\/\/yoast.com\/wordpress\/plugins\/seo\/ -->\n<title>Company - Elsoma<\/title>\n<meta name=\"description\" content=\"Kompetenz seit \u00fcber 40 Jahren - ma\u00dfgeschneiderte Positionierungs- und Bewegungssysteme und deren Komponenten f\u00fcr die Industrieanwendungen\" \/>\n<meta name=\"robots\" content=\"noindex, follow\" \/>\n<meta property=\"og:locale\" content=\"en_US\" \/>\n<meta property=\"og:type\" content=\"article\" \/>\n<meta property=\"og:title\" content=\"Company - Elsoma\" \/>\n<meta property=\"og:description\" content=\"Kompetenz seit \u00fcber 40 Jahren - ma\u00dfgeschneiderte Positionierungs- und Bewegungssysteme und deren Komponenten f\u00fcr die Industrieanwendungen\" \/>\n<meta property=\"og:url\" content=\"https:\/\/elsoma.de\/en\/unternehmen\/\" \/>\n<meta property=\"og:site_name\" content=\"Elsoma\" \/>\n<meta property=\"article:modified_time\" content=\"2023-06-21T13:51:46+00:00\" \/>\n<meta name=\"twitter:card\" content=\"summary_large_image\" \/>\n<script type=\"application\/ld+json\" class=\"yoast-schema-graph\">{\"@context\":\"https:\/\/schema.org\",\"@graph\":[{\"@type\":\"WebPage\",\"@id\":\"https:\/\/elsoma.de\/en\/unternehmen\/\",\"url\":\"https:\/\/elsoma.de\/en\/unternehmen\/\",\"name\":\"Company - Elsoma\",\"isPartOf\":{\"@id\":\"https:\/\/elsoma.de\/en\/#website\"},\"datePublished\":\"2022-03-03T19:54:06+00:00\",\"dateModified\":\"2023-06-21T13:51:46+00:00\",\"description\":\"Kompetenz seit \u00fcber 40 Jahren - ma\u00dfgeschneiderte Positionierungs- und Bewegungssysteme und deren Komponenten f\u00fcr die Industrieanwendungen\",\"inLanguage\":\"en-US\",\"potentialAction\":[{\"@type\":\"ReadAction\",\"target\":[\"https:\/\/elsoma.de\/en\/unternehmen\/\"]}]},{\"@type\":\"WebSite\",\"@id\":\"https:\/\/elsoma.de\/en\/#website\",\"url\":\"https:\/\/elsoma.de\/en\/\",\"name\":\"Elsoma\",\"description\":\"Better Magnets\",\"publisher\":{\"@id\":\"https:\/\/elsoma.de\/en\/#organization\"},\"potentialAction\":[{\"@type\":\"SearchAction\",\"target\":{\"@type\":\"EntryPoint\",\"urlTemplate\":\"https:\/\/elsoma.de\/en\/?s={search_term_string}\"},\"query-input\":\"required name=search_term_string\"}],\"inLanguage\":\"en-US\"},{\"@type\":\"Organization\",\"@id\":\"https:\/\/elsoma.de\/en\/#organization\",\"name\":\"itk\",\"url\":\"https:\/\/elsoma.de\/en\/\",\"logo\":{\"@type\":\"ImageObject\",\"inLanguage\":\"en-US\",\"@id\":\"https:\/\/elsoma.de\/en\/#\/schema\/logo\/image\/\",\"url\":\"\",\"contentUrl\":\"\",\"caption\":\"itk\"},\"image\":{\"@id\":\"https:\/\/elsoma.de\/en\/#\/schema\/logo\/image\/\"}}]}<\/script>\n<!-- \/ Yoast SEO plugin. -->","yoast_head_json":{"title":"Company - Elsoma","description":"Kompetenz seit \u00fcber 40 Jahren - ma\u00dfgeschneiderte Positionierungs- und Bewegungssysteme und deren Komponenten f\u00fcr die Industrieanwendungen","robots":{"index":"noindex","follow":"follow"},"og_locale":"en_US","og_type":"article","og_title":"Company - Elsoma","og_description":"Kompetenz seit \u00fcber 40 Jahren - ma\u00dfgeschneiderte Positionierungs- und Bewegungssysteme und deren Komponenten f\u00fcr die Industrieanwendungen","og_url":"https:\/\/elsoma.de\/en\/unternehmen\/","og_site_name":"Elsoma","article_modified_time":"2023-06-21T13:51:46+00:00","twitter_card":"summary_large_image","schema":{"@context":"https:\/\/schema.org","@graph":[{"@type":"WebPage","@id":"https:\/\/elsoma.de\/en\/unternehmen\/","url":"https:\/\/elsoma.de\/en\/unternehmen\/","name":"Company - Elsoma","isPartOf":{"@id":"https:\/\/elsoma.de\/en\/#website"},"datePublished":"2022-03-03T19:54:06+00:00","dateModified":"2023-06-21T13:51:46+00:00","description":"Kompetenz seit \u00fcber 40 Jahren - ma\u00dfgeschneiderte Positionierungs- und Bewegungssysteme und deren Komponenten f\u00fcr die Industrieanwendungen","inLanguage":"en-US","potentialAction":[{"@type":"ReadAction","target":["https:\/\/elsoma.de\/en\/unternehmen\/"]}]},{"@type":"WebSite","@id":"https:\/\/elsoma.de\/en\/#website","url":"https:\/\/elsoma.de\/en\/","name":"Elsoma","description":"Better Magnets","publisher":{"@id":"https:\/\/elsoma.de\/en\/#organization"},"potentialAction":[{"@type":"SearchAction","target":{"@type":"EntryPoint","urlTemplate":"https:\/\/elsoma.de\/en\/?s={search_term_string}"},"query-input":"required name=search_term_string"}],"inLanguage":"en-US"},{"@type":"Organization","@id":"https:\/\/elsoma.de\/en\/#organization","name":"itk","url":"https:\/\/elsoma.de\/en\/","logo":{"@type":"ImageObject","inLanguage":"en-US","@id":"https:\/\/elsoma.de\/en\/#\/schema\/logo\/image\/","url":"","contentUrl":"","caption":"itk"},"image":{"@id":"https:\/\/elsoma.de\/en\/#\/schema\/logo\/image\/"}}]}},"_links":{"self":[{"href":"https:\/\/elsoma.de\/en\/wp-json\/wp\/v2\/pages\/7657"}],"collection":[{"href":"https:\/\/elsoma.de\/en\/wp-json\/wp\/v2\/pages"}],"about":[{"href":"https:\/\/elsoma.de\/en\/wp-json\/wp\/v2\/types\/page"}],"author":[{"embeddable":true,"href":"https:\/\/elsoma.de\/en\/wp-json\/wp\/v2\/users\/1"}],"replies":[{"embeddable":true,"href":"https:\/\/elsoma.de\/en\/wp-json\/wp\/v2\/comments?post=7657"}],"version-history":[{"count":1,"href":"https:\/\/elsoma.de\/en\/wp-json\/wp\/v2\/pages\/7657\/revisions"}],"predecessor-version":[{"id":7661,"href":"https:\/\/elsoma.de\/en\/wp-json\/wp\/v2\/pages\/7657\/revisions\/7661"}],"wp:attachment":[{"href":"https:\/\/elsoma.de\/en\/wp-json\/wp\/v2\/media?parent=7657"}],"curies":[{"name":"wp","href":"https:\/\/api.w.org\/{rel}","templated":true}]}}