{"id":7575,"date":"2022-03-03T20:54:25","date_gmt":"2022-03-03T19:54:25","guid":{"rendered":"https:\/\/elsoma.de\/karriere\/"},"modified":"2023-07-06T14:37:04","modified_gmt":"2023-07-06T12:37:04","slug":"karriere","status":"publish","type":"page","link":"https:\/\/elsoma.de\/en\/karriere\/","title":{"rendered":"Career"},"content":{"rendered":"<h1>CAREER<\/h1>\n<p><strong>ELSOMA as employer<\/strong><\/p>\n<h2>Working at ELSOMA<\/h2>\n<p>Our employees are our most important asset. Because qualified, well-trained and experienced employees are the essential cornerstones for the success of our company. We maintain an open and cooperative working atmosphere with uncomplicated, respectful interaction.<\/p>\n<p>At ELSOMA there are many career and development opportunities with prospects for the future and promotion. In addition, you can expect a good work-life balance in an innovative, up-and-coming company.<\/p>\n<p>To become part of our team, it is worth taking a look at the current ELSOMA job offers. Didn&#8217;t find anything suitable? Then we look forward to receiving your speculative application by e-mail or post.<\/p>\n<p>\u00a0<\/p>\n<p><strong>INFO:\u00a0<\/strong>You can find our current job offers on our <a href=\"https:\/\/elsoma.de\/karriere\/\">German page.<\/a><\/p>\n<h2>Stellenangebote<br \/>\n<\/h2>\n<p>\t\t\t\t\t\t\t\t\t\t\t\t<a href=\"\">KONSTRUKTEUR (m\/w\/d)<\/a><br \/>\n\t\t\t\t\tMagnete gibt es \u00fcberall: vom Elektrofahrzeug \u00fcber Windkraftanlagen bis hin zu Robotern. ELSOMA liefert Technik rund um Magnete, z. B. Magnetisiertechnik, Messtechnik und Automatisierung. In 35 Jahren haben wir uns entwickelt zu einem wichtigen Partner von der Idee bis zu Serienreife. F\u00fcr unser wachsendes Team suchen wir zum n\u00e4chstm\u00f6glichen Termin zur Unterst\u00fctzung in unserem technischen Bereich:<\/p>\n<p>\u00a0<\/p>\n<p><strong>DAS SIND IHRE AUFGABEN:<\/strong><strong>Umsetzung von Konstruktionsauftr\u00e4gen<\/strong>\u2022 Konstruktive Umsetzung von Kunden- und Entwicklungsprojekten gem\u00e4\u00df Pflichtenheft und innerbetrieblicher Konstruktionsvorschriften\u2022 Mitarbeit bei der Erstellung von Spezifikationen technischer Produkte\u2022 Konzeptionierung von L\u00f6sungstr\u00e4gern\u2022 Entwurf von Bauteilen, Baugruppen und Produkten in CAD\u2022 Erstellung technischer Dokumentationen (zum Beispiel Fertigungszeichnungen, Pr\u00fcfzeichnungen und Montageanleitungen)<\/p>\n<p>\u00a0<\/p>\n<p><strong>Mitarbeit in der Produktentwicklung<\/strong>\u2022 Betreuung von Produkten \u00fcber den gesamten\u2022 Lebenszyklus\u2022 Inbetriebnahme von Prototypen und Durchf\u00fchrung\u2022 entsprechender Tests und Freigabepr\u00fcfungen sowie\u2022 Anfertigung von entsprechenden Dokumentationen\u2022 sowie Datenbl\u00e4ttern\u2022 Betreuung der Serien\u00fcberf\u00fchrung von Produkten\u2022 Enge Zusammenarbeit in Teams mit Entwicklung,\u2022 Vertrieb und Fertigung<\/p>\n<p>\u00a0<\/p>\n<p><strong>DAS K\u00d6NNEN SIE VON UNS ERWARTEN:<\/strong>Unsere Mitarbeiterinnen und Mitarbeiter sind unser h\u00f6chstes Gut, denen wir etwas bieten m\u00f6chten:\u2022 Eine verantwortungsvolle, vielseitige und herausfordernde Aufgabe in einem dynamischen Umfeld\u2022 Hoher Freiheitsgrad bei der Mitgestaltung eines wachsenden Unternehmens\u2022 Zukunftsorientierter Arbeitsplatz\u2022 Work-Life-Balance (Flexible Arbeitszeiten)\u2022 Flache Strukturen\u2022 Spezifische und individuelle Weiterbildungs-m\u00f6glichkeiten\u2022 Leistungsgerechte und der Verantwortungentsprechende Verg\u00fctung\u2022 Ein Team, in dem es Spa\u00df macht, sich einzubringen<\/p>\n<p>\u00a0<\/p>\n<p><strong>DAS ERWARTEN WIR VON IHNEN:<\/strong>\u2022 Abgeschlossenes Mechatronik- oder Maschinenbaustudium an einer technischen Hochschule oder Ausbildung zum staatlich gepr\u00fcften Techniker\u2022 Kenntnisse in den Bereichen Maschinenelemente, Strukturmechanik, Konstruktionsmethodik\u2022 Gute Deutsch- und Englisch-Kenntnisse\u2022 Sicherer Umgang mit Microsoft Office 365-Anwendungen\u2022 Grundkenntnisse in SOLIDWORKS\u2022 Teamf\u00e4higkeit sowie sorgf\u00e4ltige, kreative und selbstst\u00e4ndige Arbeitsweise<\/p>\n<p>\u00a0<\/p>\n<p><a href=\"https:\/\/elsoma.de\/wp-content\/uploads\/2023\/05\/Stellenanzeige_Konstrukteur-Mai-2023-Elsoma.pdf\" target=\"_blank\" rel=\"noopener\"><strong>Die vollst\u00e4ndige Stellenausschreibung entnehmen Sie bitte der PDF.\u00a0<\/strong><\/a><\/p>\n<p>\u00a0<\/p>\n<p><strong>HABEN WIR IHR INTERESSE GEWECKT?<\/strong>Sie f\u00fchlen sich angesprochen? Dann richten bitte Sie Ihre vollst\u00e4ndigen Bewerbungsunterlagen mit Angabe Ihrer Gehaltsvorstellung und des fr\u00fchestm\u00f6glichen Eintrittstermins \u2013 vorzugsweise per E-Mail \u2013 an:<\/p>\n<p>\u00a0<\/p>\n<p>ELSOMA GmbHBrigitte op den Winkel Kurzer Morgen 7 58239 SchwertePer Mail an:<a href=\"mailto:brigitte.opdenwinkel@elsoma.de\">brigitte.opdenwinkel@elsoma.de<\/a><br \/>\n\t\t\t<a role=\"button\"><br \/>\n\t\t\t\t\t\tJETZT BEWERBEN<br \/>\n\t\t\t\t\t<\/a><\/p>\n","protected":false},"excerpt":{"rendered":"<p>CAREER ELSOMA as employer Working at ELSOMA Our employees are our most important asset. Because qualified, well-trained and experienced employees are the essential cornerstones for the success of our company. We maintain an open and cooperative working atmosphere with uncomplicated, respectful interaction. At ELSOMA there are many career and development opportunities with prospects for the [&hellip;]<\/p>\n","protected":false},"author":1,"featured_media":0,"parent":0,"menu_order":0,"comment_status":"closed","ping_status":"closed","template":"","meta":[],"yoast_head":"<!-- This site is optimized with the Yoast SEO plugin v20.7 - https:\/\/yoast.com\/wordpress\/plugins\/seo\/ -->\n<title>Career - Elsoma<\/title>\n<meta name=\"description\" content=\"Sie wollen ITK als Arbeitgeber kennenlernen, sich direkt f\u00fcr einen Posten bewerben oder weitere Einblicke einholen? Dann sind Sie hier richtig!\" \/>\n<meta name=\"robots\" content=\"index, follow, max-snippet:-1, max-image-preview:large, max-video-preview:-1\" \/>\n<link rel=\"canonical\" href=\"https:\/\/elsoma.de\/en\/karriere\/\" \/>\n<meta property=\"og:locale\" content=\"en_US\" \/>\n<meta property=\"og:type\" content=\"article\" \/>\n<meta property=\"og:title\" content=\"Career - Elsoma\" \/>\n<meta property=\"og:description\" content=\"Sie wollen ITK als Arbeitgeber kennenlernen, sich direkt f\u00fcr einen Posten bewerben oder weitere Einblicke einholen? Dann sind Sie hier richtig!\" \/>\n<meta property=\"og:url\" content=\"https:\/\/elsoma.de\/en\/karriere\/\" \/>\n<meta property=\"og:site_name\" content=\"Elsoma\" \/>\n<meta property=\"article:modified_time\" content=\"2023-07-06T12:37:04+00:00\" \/>\n<meta name=\"twitter:card\" content=\"summary_large_image\" \/>\n<meta name=\"twitter:label1\" content=\"Est. reading time\" \/>\n\t<meta name=\"twitter:data1\" content=\"2 minutes\" \/>\n<script type=\"application\/ld+json\" class=\"yoast-schema-graph\">{\"@context\":\"https:\/\/schema.org\",\"@graph\":[{\"@type\":\"WebPage\",\"@id\":\"https:\/\/elsoma.de\/en\/karriere\/\",\"url\":\"https:\/\/elsoma.de\/en\/karriere\/\",\"name\":\"Career - Elsoma\",\"isPartOf\":{\"@id\":\"https:\/\/elsoma.de\/en\/#website\"},\"datePublished\":\"2022-03-03T19:54:25+00:00\",\"dateModified\":\"2023-07-06T12:37:04+00:00\",\"description\":\"Sie wollen ITK als Arbeitgeber kennenlernen, sich direkt f\u00fcr einen Posten bewerben oder weitere Einblicke einholen? Dann sind Sie hier richtig!\",\"inLanguage\":\"en-US\",\"potentialAction\":[{\"@type\":\"ReadAction\",\"target\":[\"https:\/\/elsoma.de\/en\/karriere\/\"]}]},{\"@type\":\"WebSite\",\"@id\":\"https:\/\/elsoma.de\/en\/#website\",\"url\":\"https:\/\/elsoma.de\/en\/\",\"name\":\"Elsoma\",\"description\":\"Better Magnets\",\"publisher\":{\"@id\":\"https:\/\/elsoma.de\/en\/#organization\"},\"potentialAction\":[{\"@type\":\"SearchAction\",\"target\":{\"@type\":\"EntryPoint\",\"urlTemplate\":\"https:\/\/elsoma.de\/en\/?s={search_term_string}\"},\"query-input\":\"required name=search_term_string\"}],\"inLanguage\":\"en-US\"},{\"@type\":\"Organization\",\"@id\":\"https:\/\/elsoma.de\/en\/#organization\",\"name\":\"itk\",\"url\":\"https:\/\/elsoma.de\/en\/\",\"logo\":{\"@type\":\"ImageObject\",\"inLanguage\":\"en-US\",\"@id\":\"https:\/\/elsoma.de\/en\/#\/schema\/logo\/image\/\",\"url\":\"\",\"contentUrl\":\"\",\"caption\":\"itk\"},\"image\":{\"@id\":\"https:\/\/elsoma.de\/en\/#\/schema\/logo\/image\/\"}}]}<\/script>\n<!-- \/ Yoast SEO plugin. -->","yoast_head_json":{"title":"Career - Elsoma","description":"Sie wollen ITK als Arbeitgeber kennenlernen, sich direkt f\u00fcr einen Posten bewerben oder weitere Einblicke einholen? Dann sind Sie hier richtig!","robots":{"index":"index","follow":"follow","max-snippet":"max-snippet:-1","max-image-preview":"max-image-preview:large","max-video-preview":"max-video-preview:-1"},"canonical":"https:\/\/elsoma.de\/en\/karriere\/","og_locale":"en_US","og_type":"article","og_title":"Career - Elsoma","og_description":"Sie wollen ITK als Arbeitgeber kennenlernen, sich direkt f\u00fcr einen Posten bewerben oder weitere Einblicke einholen? Dann sind Sie hier richtig!","og_url":"https:\/\/elsoma.de\/en\/karriere\/","og_site_name":"Elsoma","article_modified_time":"2023-07-06T12:37:04+00:00","twitter_card":"summary_large_image","twitter_misc":{"Est. reading time":"2 minutes"},"schema":{"@context":"https:\/\/schema.org","@graph":[{"@type":"WebPage","@id":"https:\/\/elsoma.de\/en\/karriere\/","url":"https:\/\/elsoma.de\/en\/karriere\/","name":"Career - Elsoma","isPartOf":{"@id":"https:\/\/elsoma.de\/en\/#website"},"datePublished":"2022-03-03T19:54:25+00:00","dateModified":"2023-07-06T12:37:04+00:00","description":"Sie wollen ITK als Arbeitgeber kennenlernen, sich direkt f\u00fcr einen Posten bewerben oder weitere Einblicke einholen? Dann sind Sie hier richtig!","inLanguage":"en-US","potentialAction":[{"@type":"ReadAction","target":["https:\/\/elsoma.de\/en\/karriere\/"]}]},{"@type":"WebSite","@id":"https:\/\/elsoma.de\/en\/#website","url":"https:\/\/elsoma.de\/en\/","name":"Elsoma","description":"Better Magnets","publisher":{"@id":"https:\/\/elsoma.de\/en\/#organization"},"potentialAction":[{"@type":"SearchAction","target":{"@type":"EntryPoint","urlTemplate":"https:\/\/elsoma.de\/en\/?s={search_term_string}"},"query-input":"required name=search_term_string"}],"inLanguage":"en-US"},{"@type":"Organization","@id":"https:\/\/elsoma.de\/en\/#organization","name":"itk","url":"https:\/\/elsoma.de\/en\/","logo":{"@type":"ImageObject","inLanguage":"en-US","@id":"https:\/\/elsoma.de\/en\/#\/schema\/logo\/image\/","url":"","contentUrl":"","caption":"itk"},"image":{"@id":"https:\/\/elsoma.de\/en\/#\/schema\/logo\/image\/"}}]}},"_links":{"self":[{"href":"https:\/\/elsoma.de\/en\/wp-json\/wp\/v2\/pages\/7575"}],"collection":[{"href":"https:\/\/elsoma.de\/en\/wp-json\/wp\/v2\/pages"}],"about":[{"href":"https:\/\/elsoma.de\/en\/wp-json\/wp\/v2\/types\/page"}],"author":[{"embeddable":true,"href":"https:\/\/elsoma.de\/en\/wp-json\/wp\/v2\/users\/1"}],"replies":[{"embeddable":true,"href":"https:\/\/elsoma.de\/en\/wp-json\/wp\/v2\/comments?post=7575"}],"version-history":[{"count":18,"href":"https:\/\/elsoma.de\/en\/wp-json\/wp\/v2\/pages\/7575\/revisions"}],"predecessor-version":[{"id":7824,"href":"https:\/\/elsoma.de\/en\/wp-json\/wp\/v2\/pages\/7575\/revisions\/7824"}],"wp:attachment":[{"href":"https:\/\/elsoma.de\/en\/wp-json\/wp\/v2\/media?parent=7575"}],"curies":[{"name":"wp","href":"https:\/\/api.w.org\/{rel}","templated":true}]}}